{"id":940,"date":"2018-04-19T11:05:01","date_gmt":"2018-04-19T09:05:01","guid":{"rendered":"http:\/\/www.jchristof.com\/jch\/"},"modified":"2022-07-05T15:38:53","modified_gmt":"2022-07-05T13:38:53","slug":"jch","status":"publish","type":"page","link":"https:\/\/www.jchristof.com\/en\/jch\/","title":{"rendered":"location JCH"},"content":{"rendered":"","protected":false},"excerpt":{"rendered":"","protected":false},"author":1,"featured_media":0,"parent":0,"menu_order":0,"comment_status":"closed","ping_status":"closed","template":"","meta":{"_acf_changed":false,"footnotes":""},"class_list":["post-940","page","type-page","status-publish","hentry"],"acf":[],"yoast_head":"<!-- This site is optimized with the Yoast SEO plugin v27.4 - https:\/\/yoast.com\/product\/yoast-seo-wordpress\/ -->\n<title>J. Christof Gesellschaft m.b.H. | Anlagenbau &amp; Industrieservices<\/title>\n<meta name=\"description\" content=\"Die JCH ist Ihr zuverl\u00e4ssiger Partner im Anlagenbau und prim\u00e4rer Ansprechpartner f\u00fcr erstklassige Industrieservices. Bereits seit mehr als 30 Jahren vertrauen namhafte Kunden aus unterschiedlichsten Branchen auf die hohe Qualit\u00e4t, termingetreue und pr\u00e4zise Projektumsetzung durch die JCH.\" \/>\n<meta name=\"robots\" content=\"index, follow, max-snippet:-1, max-image-preview:large, max-video-preview:-1\" \/>\n<link rel=\"canonical\" href=\"https:\/\/www.jchristof.com\/en\/jch\/\" \/>\n<meta property=\"og:locale\" content=\"en_US\" \/>\n<meta property=\"og:type\" content=\"article\" \/>\n<meta property=\"og:title\" content=\"J. Christof Gesellschaft m.b.H. | Anlagenbau &amp; Industrieservices\" \/>\n<meta property=\"og:description\" content=\"Die JCH ist Ihr zuverl\u00e4ssiger Partner im Anlagenbau und prim\u00e4rer Ansprechpartner f\u00fcr erstklassige Industrieservices. Bereits seit mehr als 30 Jahren vertrauen namhafte Kunden aus unterschiedlichsten Branchen auf die hohe Qualit\u00e4t, termingetreue und pr\u00e4zise Projektumsetzung durch die JCH.\" \/>\n<meta property=\"og:url\" content=\"https:\/\/www.jchristof.com\/en\/jch\/\" \/>\n<meta property=\"og:site_name\" content=\"J. Christof\" \/>\n<meta property=\"article:modified_time\" content=\"2022-07-05T13:38:53+00:00\" \/>\n<meta name=\"twitter:card\" content=\"summary_large_image\" \/>\n<script type=\"application\/ld+json\" class=\"yoast-schema-graph\">{\"@context\":\"https:\\\/\\\/schema.org\",\"@graph\":[{\"@type\":\"WebPage\",\"@id\":\"https:\\\/\\\/www.jchristof.com\\\/en\\\/jch\\\/\",\"url\":\"https:\\\/\\\/www.jchristof.com\\\/en\\\/jch\\\/\",\"name\":\"J. Christof Gesellschaft m.b.H. | Anlagenbau & Industrieservices\",\"isPartOf\":{\"@id\":\"https:\\\/\\\/www.jchristof.com\\\/en\\\/#website\"},\"datePublished\":\"2018-04-19T09:05:01+00:00\",\"dateModified\":\"2022-07-05T13:38:53+00:00\",\"description\":\"Die JCH ist Ihr zuverl\u00e4ssiger Partner im Anlagenbau und prim\u00e4rer Ansprechpartner f\u00fcr erstklassige Industrieservices. Bereits seit mehr als 30 Jahren vertrauen namhafte Kunden aus unterschiedlichsten Branchen auf die hohe Qualit\u00e4t, termingetreue und pr\u00e4zise Projektumsetzung durch die JCH.\",\"breadcrumb\":{\"@id\":\"https:\\\/\\\/www.jchristof.com\\\/en\\\/jch\\\/#breadcrumb\"},\"inLanguage\":\"en-US\",\"potentialAction\":[{\"@type\":\"ReadAction\",\"target\":[\"https:\\\/\\\/www.jchristof.com\\\/en\\\/jch\\\/\"]}]},{\"@type\":\"BreadcrumbList\",\"@id\":\"https:\\\/\\\/www.jchristof.com\\\/en\\\/jch\\\/#breadcrumb\",\"itemListElement\":[{\"@type\":\"ListItem\",\"position\":1,\"name\":\"Startseite\",\"item\":\"https:\\\/\\\/www.jchristof.com\\\/en\\\/\"},{\"@type\":\"ListItem\",\"position\":2,\"name\":\"location JCH\"}]},{\"@type\":\"WebSite\",\"@id\":\"https:\\\/\\\/www.jchristof.com\\\/en\\\/#website\",\"url\":\"https:\\\/\\\/www.jchristof.com\\\/en\\\/\",\"name\":\"J. Christof\",\"description\":\"Anlagenbau\",\"potentialAction\":[{\"@type\":\"SearchAction\",\"target\":{\"@type\":\"EntryPoint\",\"urlTemplate\":\"https:\\\/\\\/www.jchristof.com\\\/en\\\/?s={search_term_string}\"},\"query-input\":{\"@type\":\"PropertyValueSpecification\",\"valueRequired\":true,\"valueName\":\"search_term_string\"}}],\"inLanguage\":\"en-US\"}]}<\/script>\n<!-- \/ Yoast SEO plugin. -->","yoast_head_json":{"title":"J. Christof Gesellschaft m.b.H. | Anlagenbau & Industrieservices","description":"Die JCH ist Ihr zuverl\u00e4ssiger Partner im Anlagenbau und prim\u00e4rer Ansprechpartner f\u00fcr erstklassige Industrieservices. Bereits seit mehr als 30 Jahren vertrauen namhafte Kunden aus unterschiedlichsten Branchen auf die hohe Qualit\u00e4t, termingetreue und pr\u00e4zise Projektumsetzung durch die JCH.","robots":{"index":"index","follow":"follow","max-snippet":"max-snippet:-1","max-image-preview":"max-image-preview:large","max-video-preview":"max-video-preview:-1"},"canonical":"https:\/\/www.jchristof.com\/en\/jch\/","og_locale":"en_US","og_type":"article","og_title":"J. Christof Gesellschaft m.b.H. | Anlagenbau & Industrieservices","og_description":"Die JCH ist Ihr zuverl\u00e4ssiger Partner im Anlagenbau und prim\u00e4rer Ansprechpartner f\u00fcr erstklassige Industrieservices. Bereits seit mehr als 30 Jahren vertrauen namhafte Kunden aus unterschiedlichsten Branchen auf die hohe Qualit\u00e4t, termingetreue und pr\u00e4zise Projektumsetzung durch die JCH.","og_url":"https:\/\/www.jchristof.com\/en\/jch\/","og_site_name":"J. Christof","article_modified_time":"2022-07-05T13:38:53+00:00","twitter_card":"summary_large_image","schema":{"@context":"https:\/\/schema.org","@graph":[{"@type":"WebPage","@id":"https:\/\/www.jchristof.com\/en\/jch\/","url":"https:\/\/www.jchristof.com\/en\/jch\/","name":"J. Christof Gesellschaft m.b.H. | Anlagenbau & Industrieservices","isPartOf":{"@id":"https:\/\/www.jchristof.com\/en\/#website"},"datePublished":"2018-04-19T09:05:01+00:00","dateModified":"2022-07-05T13:38:53+00:00","description":"Die JCH ist Ihr zuverl\u00e4ssiger Partner im Anlagenbau und prim\u00e4rer Ansprechpartner f\u00fcr erstklassige Industrieservices. Bereits seit mehr als 30 Jahren vertrauen namhafte Kunden aus unterschiedlichsten Branchen auf die hohe Qualit\u00e4t, termingetreue und pr\u00e4zise Projektumsetzung durch die JCH.","breadcrumb":{"@id":"https:\/\/www.jchristof.com\/en\/jch\/#breadcrumb"},"inLanguage":"en-US","potentialAction":[{"@type":"ReadAction","target":["https:\/\/www.jchristof.com\/en\/jch\/"]}]},{"@type":"BreadcrumbList","@id":"https:\/\/www.jchristof.com\/en\/jch\/#breadcrumb","itemListElement":[{"@type":"ListItem","position":1,"name":"Startseite","item":"https:\/\/www.jchristof.com\/en\/"},{"@type":"ListItem","position":2,"name":"location JCH"}]},{"@type":"WebSite","@id":"https:\/\/www.jchristof.com\/en\/#website","url":"https:\/\/www.jchristof.com\/en\/","name":"J. Christof","description":"Anlagenbau","potentialAction":[{"@type":"SearchAction","target":{"@type":"EntryPoint","urlTemplate":"https:\/\/www.jchristof.com\/en\/?s={search_term_string}"},"query-input":{"@type":"PropertyValueSpecification","valueRequired":true,"valueName":"search_term_string"}}],"inLanguage":"en-US"}]}},"_links":{"self":[{"href":"https:\/\/www.jchristof.com\/en\/wp-json\/wp\/v2\/pages\/940","targetHints":{"allow":["GET"]}}],"collection":[{"href":"https:\/\/www.jchristof.com\/en\/wp-json\/wp\/v2\/pages"}],"about":[{"href":"https:\/\/www.jchristof.com\/en\/wp-json\/wp\/v2\/types\/page"}],"author":[{"embeddable":true,"href":"https:\/\/www.jchristof.com\/en\/wp-json\/wp\/v2\/users\/1"}],"replies":[{"embeddable":true,"href":"https:\/\/www.jchristof.com\/en\/wp-json\/wp\/v2\/comments?post=940"}],"version-history":[{"count":5,"href":"https:\/\/www.jchristof.com\/en\/wp-json\/wp\/v2\/pages\/940\/revisions"}],"predecessor-version":[{"id":19379,"href":"https:\/\/www.jchristof.com\/en\/wp-json\/wp\/v2\/pages\/940\/revisions\/19379"}],"wp:attachment":[{"href":"https:\/\/www.jchristof.com\/en\/wp-json\/wp\/v2\/media?parent=940"}],"curies":[{"name":"wp","href":"https:\/\/api.w.org\/{rel}","templated":true}]}}